{"id":21,"date":"2024-04-21T13:37:17","date_gmt":"2024-04-21T13:37:17","guid":{"rendered":"https:\/\/www.hotelsanbosco.com\/?page_id=21"},"modified":"2025-01-03T22:42:01","modified_gmt":"2025-01-03T22:42:01","slug":"habitaciones","status":"publish","type":"page","link":"https:\/\/www.hotelsanbosco.com\/es\/habitaciones\/","title":{"rendered":"Habitaciones"},"content":{"rendered":"\t\t<div data-elementor-type=\"wp-page\" data-elementor-id=\"21\" class=\"elementor elementor-21\" data-elementor-post-type=\"page\">\n\t\t\t\t<div class=\"elementor-element elementor-element-960a26e e-con-full e-flex e-con e-parent\" data-id=\"960a26e\" data-element_type=\"container\" data-settings=\"{&quot;background_background&quot;:&quot;slideshow&quot;,&quot;background_slideshow_gallery&quot;:[{&quot;id&quot;:1655,&quot;url&quot;:&quot;https:\\\/\\\/www.hotelsanbosco.com\\\/wp-content\\\/uploads\\\/2024\\\/10\\\/SanBosco24-4.jpeg&quot;},{&quot;id&quot;:1665,&quot;url&quot;:&quot;https:\\\/\\\/www.hotelsanbosco.com\\\/wp-content\\\/uploads\\\/2024\\\/10\\\/SanBosco24-31.jpeg&quot;},{&quot;id&quot;:1663,&quot;url&quot;:&quot;https:\\\/\\\/www.hotelsanbosco.com\\\/wp-content\\\/uploads\\\/2024\\\/10\\\/SanBosco24-27.jpeg&quot;},{&quot;id&quot;:1661,&quot;url&quot;:&quot;https:\\\/\\\/www.hotelsanbosco.com\\\/wp-content\\\/uploads\\\/2024\\\/10\\\/SanBosco24-11.jpeg&quot;},{&quot;id&quot;:1659,&quot;url&quot;:&quot;https:\\\/\\\/www.hotelsanbosco.com\\\/wp-content\\\/uploads\\\/2024\\\/10\\\/SanBosco24-8.jpeg&quot;},{&quot;id&quot;:1657,&quot;url&quot;:&quot;https:\\\/\\\/www.hotelsanbosco.com\\\/wp-content\\\/uploads\\\/2024\\\/10\\\/SanBosco24-7.jpeg&quot;}],&quot;background_slideshow_ken_burns&quot;:&quot;yes&quot;,&quot;background_slideshow_ken_burns_zoom_direction&quot;:&quot;out&quot;,&quot;background_slideshow_loop&quot;:&quot;yes&quot;,&quot;background_slideshow_slide_duration&quot;:5000,&quot;background_slideshow_slide_transition&quot;:&quot;fade&quot;,&quot;background_slideshow_transition_duration&quot;:500}\">\n\t\t\t\t<div class=\"elementor-element elementor-element-8da0437 elementor-widget elementor-widget-heading\" data-id=\"8da0437\" data-element_type=\"widget\" data-widget_type=\"heading.default\">\n\t\t\t\t<div class=\"elementor-widget-container\">\n\t\t\t<style>\/*! elementor - v3.21.0 - 26-05-2024 *\/\n.elementor-heading-title{padding:0;margin:0;line-height:1}.elementor-widget-heading .elementor-heading-title[class*=elementor-size-]>a{color:inherit;font-size:inherit;line-height:inherit}.elementor-widget-heading .elementor-heading-title.elementor-size-small{font-size:15px}.elementor-widget-heading .elementor-heading-title.elementor-size-medium{font-size:19px}.elementor-widget-heading .elementor-heading-title.elementor-size-large{font-size:29px}.elementor-widget-heading .elementor-heading-title.elementor-size-xl{font-size:39px}.elementor-widget-heading .elementor-heading-title.elementor-size-xxl{font-size:59px}<\/style><h1 class=\"elementor-heading-title elementor-size-default\">Habitaciones<\/h1>\t\t<\/div>\n\t\t\t\t<\/div>\n\t\t\t\t<\/div>\n\t\t<div class=\"elementor-element elementor-element-8d79dbe e-flex e-con-boxed e-con e-parent\" data-id=\"8d79dbe\" data-element_type=\"container\">\n\t\t\t\t\t<div class=\"e-con-inner\">\n\t\t\t\t<div class=\"elementor-element elementor-element-69bc2c3 elementor-widget elementor-widget-text-editor\" data-id=\"69bc2c3\" data-element_type=\"widget\" data-widget_type=\"text-editor.default\">\n\t\t\t\t<div class=\"elementor-widget-container\">\n\t\t\t<style>\/*! elementor - v3.21.0 - 26-05-2024 *\/\n.elementor-widget-text-editor.elementor-drop-cap-view-stacked .elementor-drop-cap{background-color:#69727d;color:#fff}.elementor-widget-text-editor.elementor-drop-cap-view-framed .elementor-drop-cap{color:#69727d;border:3px solid;background-color:transparent}.elementor-widget-text-editor:not(.elementor-drop-cap-view-default) .elementor-drop-cap{margin-top:8px}.elementor-widget-text-editor:not(.elementor-drop-cap-view-default) .elementor-drop-cap-letter{width:1em;height:1em}.elementor-widget-text-editor .elementor-drop-cap{float:left;text-align:center;line-height:1;font-size:50px}.elementor-widget-text-editor .elementor-drop-cap-letter{display:inline-block}<\/style>\t\t\t\tDescubra el coraz\u00f3n de La Fortuna desde una perspectiva \u00fanica, aloj\u00e1ndose en San Bosco Inn, donde cada detalle de nuestras habitaciones ha sido cuidadosamente pensado para ofrecerle el descanso que usted merece. Ubicado en el vibrante centro de La Fortuna, San Bosco Inn se presenta como su oasis de confort y tranquilidad, en medio de la majestuosidad natural que define a esta regi\u00f3n.\n\t\t\t\t\t\t<\/div>\n\t\t\t\t<\/div>\n\t\t\t\t\t<\/div>\n\t\t\t\t<\/div>\n\t\t<div class=\"elementor-element elementor-element-1ea5c95 e-con-full e-flex e-con e-parent\" data-id=\"1ea5c95\" data-element_type=\"container\">\n\t\t<div class=\"elementor-element elementor-element-31c14c1 e-con-full e-flex e-con e-child\" data-id=\"31c14c1\" data-element_type=\"container\">\n\t\t<div class=\"elementor-element elementor-element-b4c453c e-grid e-con-full e-con e-child\" data-id=\"b4c453c\" data-element_type=\"container\">\n\t\t<div class=\"elementor-element elementor-element-081574c e-flex e-con-boxed e-con e-child\" data-id=\"081574c\" data-element_type=\"container\">\n\t\t\t\t\t<div class=\"e-con-inner\">\n\t\t\t\t<div class=\"elementor-element elementor-element-aa9ece3 elementor-widget elementor-widget-text-editor\" data-id=\"aa9ece3\" data-element_type=\"widget\" data-widget_type=\"text-editor.default\">\n\t\t\t\t<div class=\"elementor-widget-container\">\n\t\t\t\t\t\t\tEn San Bosco Inn entendemos la importancia de un buen descanso nocturno, por eso nuestras habitaciones han sido dise\u00f1adas con el prop\u00f3sito de ser tu refugio personal despu\u00e9s de un d\u00eda de aventuras. Con amenidades cuidadosamente seleccionadas, buscamos garantizar una estad\u00eda c\u00f3moda y reconfortante para todos nuestros hu\u00e9spedes.\n\t\t\t\t\t\t<\/div>\n\t\t\t\t<\/div>\n\t\t\t\t<div class=\"elementor-element elementor-element-8967b14 elementor-align-left elementor-mobile-align-center elementor-widget elementor-widget-button\" data-id=\"8967b14\" data-element_type=\"widget\" data-widget_type=\"button.default\">\n\t\t\t\t<div class=\"elementor-widget-container\">\n\t\t\t\t\t<div class=\"elementor-button-wrapper\">\n\t\t\t<a class=\"elementor-button elementor-button-link elementor-size-sm\" href=\"https:\/\/reservations.orbebooking.com\/Search\/Init\/xBFyq\/es\" target=\"_blank\">\n\t\t\t\t\t\t<span class=\"elementor-button-content-wrapper\">\n\t\t\t\t\t\t\t\t\t<span class=\"elementor-button-text\">RESERVAR AHORA<\/span>\n\t\t\t\t\t<\/span>\n\t\t\t\t\t<\/a>\n\t\t<\/div>\n\t\t\t\t<\/div>\n\t\t\t\t<\/div>\n\t\t\t\t\t<\/div>\n\t\t\t\t<\/div>\n\t\t<div class=\"elementor-element elementor-element-696a576 e-flex e-con-boxed e-con e-child\" data-id=\"696a576\" data-element_type=\"container\">\n\t\t\t\t\t<div class=\"e-con-inner\">\n\t\t<div class=\"elementor-element elementor-element-e1c1895 e-con-full e-flex elementor-invisible e-con e-child\" data-id=\"e1c1895\" data-element_type=\"container\" data-settings=\"{&quot;background_background&quot;:&quot;slideshow&quot;,&quot;animation&quot;:&quot;fadeInUp&quot;,&quot;background_slideshow_gallery&quot;:[{&quot;id&quot;:1655,&quot;url&quot;:&quot;https:\\\/\\\/www.hotelsanbosco.com\\\/wp-content\\\/uploads\\\/2024\\\/10\\\/SanBosco24-4.jpeg&quot;},{&quot;id&quot;:1665,&quot;url&quot;:&quot;https:\\\/\\\/www.hotelsanbosco.com\\\/wp-content\\\/uploads\\\/2024\\\/10\\\/SanBosco24-31.jpeg&quot;}],&quot;background_slideshow_loop&quot;:&quot;yes&quot;,&quot;background_slideshow_slide_duration&quot;:5000,&quot;background_slideshow_slide_transition&quot;:&quot;fade&quot;,&quot;background_slideshow_transition_duration&quot;:500}\">\n\t\t\t\t<\/div>\n\t\t\t\t\t<\/div>\n\t\t\t\t<\/div>\n\t\t\t\t<\/div>\n\t\t\t\t<\/div>\n\t\t\t\t<\/div>\n\t\t<div class=\"elementor-element elementor-element-886bab3 e-con-full e-flex e-con e-parent\" data-id=\"886bab3\" data-element_type=\"container\" data-settings=\"{&quot;background_background&quot;:&quot;classic&quot;}\">\n\t\t<div class=\"elementor-element elementor-element-726c4c3 e-con-full e-flex e-con e-child\" data-id=\"726c4c3\" data-element_type=\"container\">\n\t\t<div class=\"elementor-element elementor-element-55131d5 e-grid e-con-full e-con e-child\" data-id=\"55131d5\" data-element_type=\"container\">\n\t\t<div class=\"elementor-element elementor-element-e263161 e-flex e-con-boxed e-con e-child\" data-id=\"e263161\" data-element_type=\"container\">\n\t\t\t\t\t<div class=\"e-con-inner\">\n\t\t<div class=\"elementor-element elementor-element-5d591ce e-con-full e-flex elementor-invisible e-con e-child\" data-id=\"5d591ce\" data-element_type=\"container\" data-settings=\"{&quot;background_background&quot;:&quot;slideshow&quot;,&quot;background_slideshow_gallery&quot;:[{&quot;id&quot;:1663,&quot;url&quot;:&quot;https:\\\/\\\/www.hotelsanbosco.com\\\/wp-content\\\/uploads\\\/2024\\\/10\\\/SanBosco24-27.jpeg&quot;},{&quot;id&quot;:1657,&quot;url&quot;:&quot;https:\\\/\\\/www.hotelsanbosco.com\\\/wp-content\\\/uploads\\\/2024\\\/10\\\/SanBosco24-7.jpeg&quot;}],&quot;animation&quot;:&quot;fadeInRight&quot;,&quot;background_slideshow_loop&quot;:&quot;yes&quot;,&quot;background_slideshow_slide_duration&quot;:5000,&quot;background_slideshow_slide_transition&quot;:&quot;fade&quot;,&quot;background_slideshow_transition_duration&quot;:500}\">\n\t\t\t\t<\/div>\n\t\t\t\t\t<\/div>\n\t\t\t\t<\/div>\n\t\t<div class=\"elementor-element elementor-element-dc4277f e-flex e-con-boxed e-con e-child\" data-id=\"dc4277f\" data-element_type=\"container\">\n\t\t\t\t\t<div class=\"e-con-inner\">\n\t\t\t\t<div class=\"elementor-element elementor-element-29559f4 elementor-widget elementor-widget-text-editor\" data-id=\"29559f4\" data-element_type=\"widget\" data-widget_type=\"text-editor.default\">\n\t\t\t\t<div class=\"elementor-widget-container\">\n\t\t\t\t\t\t\t<p>Ya sea que su d\u00eda haya estado lleno de exploraciones de senderos naturales, visitas a la cascada local o emocionantes recorridos de aventura, regresar a su habitaci\u00f3n en San Bosco Inn siempre ser\u00e1 un placer.<\/p>\t\t\t\t\t\t<\/div>\n\t\t\t\t<\/div>\n\t\t\t\t<div class=\"elementor-element elementor-element-c3fc686 elementor-align-left elementor-mobile-align-center elementor-widget elementor-widget-button\" data-id=\"c3fc686\" data-element_type=\"widget\" data-widget_type=\"button.default\">\n\t\t\t\t<div class=\"elementor-widget-container\">\n\t\t\t\t\t<div class=\"elementor-button-wrapper\">\n\t\t\t<a class=\"elementor-button elementor-button-link elementor-size-sm\" href=\"https:\/\/reservations.orbebooking.com\/Search\/Init\/xBFyq\/es\" target=\"_blank\">\n\t\t\t\t\t\t<span class=\"elementor-button-content-wrapper\">\n\t\t\t\t\t\t\t\t\t<span class=\"elementor-button-text\">RESERVAR AHORA<\/span>\n\t\t\t\t\t<\/span>\n\t\t\t\t\t<\/a>\n\t\t<\/div>\n\t\t\t\t<\/div>\n\t\t\t\t<\/div>\n\t\t\t\t\t<\/div>\n\t\t\t\t<\/div>\n\t\t\t\t<\/div>\n\t\t\t\t<\/div>\n\t\t\t\t<\/div>\n\t\t<div class=\"elementor-element elementor-element-35d4317 e-con-full e-flex e-con e-parent\" data-id=\"35d4317\" data-element_type=\"container\">\n\t\t<div class=\"elementor-element elementor-element-fe1f003 e-con-full e-flex e-con e-child\" data-id=\"fe1f003\" data-element_type=\"container\">\n\t\t<div class=\"elementor-element elementor-element-1762f3b e-grid e-con-full e-con e-child\" data-id=\"1762f3b\" data-element_type=\"container\">\n\t\t<div class=\"elementor-element elementor-element-6b94070 e-flex e-con-boxed e-con e-child\" data-id=\"6b94070\" data-element_type=\"container\">\n\t\t\t\t\t<div class=\"e-con-inner\">\n\t\t\t\t<div class=\"elementor-element elementor-element-4bddda6 elementor-widget elementor-widget-text-editor\" data-id=\"4bddda6\" data-element_type=\"widget\" data-widget_type=\"text-editor.default\">\n\t\t\t\t<div class=\"elementor-widget-container\">\n\t\t\t\t\t\t\tAdem\u00e1s de un merecido descanso, te invitamos a disfrutar de nuestras diversas instalaciones que complementar\u00e1n tu experiencia. Date un chapuz\u00f3n en nuestra refrescante piscina, rel\u00e1jate en \u00e1reas comunes dise\u00f1adas para tu disfrute y deja que nuestro atento personal haga tu estancia a\u00fan m\u00e1s especial.\n\t\t\t\t\t\t<\/div>\n\t\t\t\t<\/div>\n\t\t\t\t<div class=\"elementor-element elementor-element-d830b1f elementor-align-left elementor-mobile-align-center elementor-widget elementor-widget-button\" data-id=\"d830b1f\" data-element_type=\"widget\" data-widget_type=\"button.default\">\n\t\t\t\t<div class=\"elementor-widget-container\">\n\t\t\t\t\t<div class=\"elementor-button-wrapper\">\n\t\t\t<a class=\"elementor-button elementor-button-link elementor-size-sm\" href=\"https:\/\/reservations.orbebooking.com\/Search\/Init\/xBFyq\/es\" target=\"_blank\">\n\t\t\t\t\t\t<span class=\"elementor-button-content-wrapper\">\n\t\t\t\t\t\t\t\t\t<span class=\"elementor-button-text\">RESERVAR AHORA<\/span>\n\t\t\t\t\t<\/span>\n\t\t\t\t\t<\/a>\n\t\t<\/div>\n\t\t\t\t<\/div>\n\t\t\t\t<\/div>\n\t\t\t\t\t<\/div>\n\t\t\t\t<\/div>\n\t\t<div class=\"elementor-element elementor-element-6bdd8ff e-flex e-con-boxed e-con e-child\" data-id=\"6bdd8ff\" data-element_type=\"container\">\n\t\t\t\t\t<div class=\"e-con-inner\">\n\t\t<div class=\"elementor-element elementor-element-6d72e19 e-con-full e-flex elementor-invisible e-con e-child\" data-id=\"6d72e19\" data-element_type=\"container\" data-settings=\"{&quot;background_background&quot;:&quot;slideshow&quot;,&quot;background_slideshow_gallery&quot;:[{&quot;id&quot;:1661,&quot;url&quot;:&quot;https:\\\/\\\/www.hotelsanbosco.com\\\/wp-content\\\/uploads\\\/2024\\\/10\\\/SanBosco24-11.jpeg&quot;},{&quot;id&quot;:1659,&quot;url&quot;:&quot;https:\\\/\\\/www.hotelsanbosco.com\\\/wp-content\\\/uploads\\\/2024\\\/10\\\/SanBosco24-8.jpeg&quot;}],&quot;animation&quot;:&quot;fadeInLeft&quot;,&quot;background_slideshow_loop&quot;:&quot;yes&quot;,&quot;background_slideshow_slide_duration&quot;:5000,&quot;background_slideshow_slide_transition&quot;:&quot;fade&quot;,&quot;background_slideshow_transition_duration&quot;:500}\">\n\t\t\t\t<\/div>\n\t\t\t\t\t<\/div>\n\t\t\t\t<\/div>\n\t\t\t\t<\/div>\n\t\t\t\t<\/div>\n\t\t\t\t<\/div>\n\t\t<div class=\"elementor-element elementor-element-f62f08f e-con-full e-flex e-con e-parent\" data-id=\"f62f08f\" data-element_type=\"container\" data-settings=\"{&quot;background_background&quot;:&quot;classic&quot;}\">\n\t\t\t\t<\/div>\n\t\t<div class=\"elementor-element elementor-element-bd33bd7 e-flex e-con-boxed e-con e-parent\" data-id=\"bd33bd7\" data-element_type=\"container\" data-settings=\"{&quot;background_background&quot;:&quot;classic&quot;}\">\n\t\t\t\t\t<div class=\"e-con-inner\">\n\t\t<div class=\"elementor-element elementor-element-7323dc7 e-con-full e-flex e-con e-child\" data-id=\"7323dc7\" data-element_type=\"container\">\n\t\t<div class=\"elementor-element elementor-element-535ccb3 e-flex e-con-boxed e-con e-child\" data-id=\"535ccb3\" data-element_type=\"container\" data-settings=\"{&quot;background_background&quot;:&quot;classic&quot;}\">\n\t\t\t\t\t<div class=\"e-con-inner\">\n\t\t\t\t<div class=\"elementor-element elementor-element-43fca2a elementor-widget elementor-widget-text-editor\" data-id=\"43fca2a\" data-element_type=\"widget\" data-widget_type=\"text-editor.default\">\n\t\t\t\t<div class=\"elementor-widget-container\">\n\t\t\t\t\t\t\t<p>Elige San Bosco Inn para tu pr\u00f3xima escapada a La Fortuna y vive la experiencia de un alojamiento dise\u00f1ado para tu comodidad, en el coraz\u00f3n de uno de los pueblos con m\u00e1s encanto de Costa Rica, te esperamos para hacer de tu visita una combinaci\u00f3n memorable de aventura y relajaci\u00f3n!<\/p>\t\t\t\t\t\t<\/div>\n\t\t\t\t<\/div>\n\t\t\t\t\t<\/div>\n\t\t\t\t<\/div>\n\t\t\t\t<\/div>\n\t\t<div class=\"elementor-element elementor-element-f06d35f e-con-full e-flex e-con e-child\" data-id=\"f06d35f\" data-element_type=\"container\">\n\t\t\t\t<\/div>\n\t\t\t\t\t<\/div>\n\t\t\t\t<\/div>\n\t\t\t\t<\/div>\n\t\t","protected":false},"excerpt":{"rendered":"<p>Habitaciones Descubra el coraz\u00f3n de La Fortuna desde una perspectiva \u00fanica, aloj\u00e1ndose en San Bosco Inn, donde cada detalle de [&hellip;]<\/p>\n","protected":false},"author":1,"featured_media":0,"parent":0,"menu_order":0,"comment_status":"closed","ping_status":"closed","template":"","meta":{"site-sidebar-layout":"no-sidebar","site-content-layout":"","ast-site-content-layout":"full-width-container","site-content-style":"default","site-sidebar-style":"default","ast-global-header-display":"","ast-banner-title-visibility":"","ast-main-header-display":"","ast-hfb-above-header-display":"","ast-hfb-below-header-display":"","ast-hfb-mobile-header-display":"","site-post-title":"disabled","ast-breadcrumbs-content":"","ast-featured-img":"disabled","footer-sml-layout":"","theme-transparent-header-meta":"","adv-header-id-meta":"","stick-header-meta":"","header-above-stick-meta":"","header-main-stick-meta":"","header-below-stick-meta":"","astra-migrate-meta-layouts":"default","ast-page-background-enabled":"default","ast-page-background-meta":{"desktop":{"background-color":"var(--ast-global-color-4)","background-image":"","background-repeat":"repeat","background-position":"center center","background-size":"auto","background-attachment":"scroll","background-type":"","background-media":"","overlay-type":"","overlay-color":"","overlay-opacity":"","overlay-gradient":""},"tablet":{"background-color":"","background-image":"","background-repeat":"repeat","background-position":"center center","background-size":"auto","background-attachment":"scroll","background-type":"","background-media":"","overlay-type":"","overlay-color":"","overlay-opacity":"","overlay-gradient":""},"mobile":{"background-color":"","background-image":"","background-repeat":"repeat","background-position":"center center","background-size":"auto","background-attachment":"scroll","background-type":"","background-media":"","overlay-type":"","overlay-color":"","overlay-opacity":"","overlay-gradient":""}},"ast-content-background-meta":{"desktop":{"background-color":"var(--ast-global-color-5)","background-image":"","background-repeat":"repeat","background-position":"center center","background-size":"auto","background-attachment":"scroll","background-type":"","background-media":"","overlay-type":"","overlay-color":"","overlay-opacity":"","overlay-gradient":""},"tablet":{"background-color":"var(--ast-global-color-5)","background-image":"","background-repeat":"repeat","background-position":"center center","background-size":"auto","background-attachment":"scroll","background-type":"","background-media":"","overlay-type":"","overlay-color":"","overlay-opacity":"","overlay-gradient":""},"mobile":{"background-color":"var(--ast-global-color-5)","background-image":"","background-repeat":"repeat","background-position":"center center","background-size":"auto","background-attachment":"scroll","background-type":"","background-media":"","overlay-type":"","overlay-color":"","overlay-opacity":"","overlay-gradient":""}},"footnotes":""},"class_list":["post-21","page","type-page","status-publish","hentry"],"_links":{"self":[{"href":"https:\/\/www.hotelsanbosco.com\/es\/wp-json\/wp\/v2\/pages\/21","targetHints":{"allow":["GET"]}}],"collection":[{"href":"https:\/\/www.hotelsanbosco.com\/es\/wp-json\/wp\/v2\/pages"}],"about":[{"href":"https:\/\/www.hotelsanbosco.com\/es\/wp-json\/wp\/v2\/types\/page"}],"author":[{"embeddable":true,"href":"https:\/\/www.hotelsanbosco.com\/es\/wp-json\/wp\/v2\/users\/1"}],"replies":[{"embeddable":true,"href":"https:\/\/www.hotelsanbosco.com\/es\/wp-json\/wp\/v2\/comments?post=21"}],"version-history":[{"count":179,"href":"https:\/\/www.hotelsanbosco.com\/es\/wp-json\/wp\/v2\/pages\/21\/revisions"}],"predecessor-version":[{"id":2003,"href":"https:\/\/www.hotelsanbosco.com\/es\/wp-json\/wp\/v2\/pages\/21\/revisions\/2003"}],"wp:attachment":[{"href":"https:\/\/www.hotelsanbosco.com\/es\/wp-json\/wp\/v2\/media?parent=21"}],"curies":[{"name":"wp","href":"https:\/\/api.w.org\/{rel}","templated":true}]}}