{"id":19,"date":"2024-04-21T13:36:43","date_gmt":"2024-04-21T13:36:43","guid":{"rendered":"https:\/\/www.hotelsanbosco.com\/?page_id=19"},"modified":"2025-01-03T20:21:21","modified_gmt":"2025-01-03T20:21:21","slug":"sobrenosotros","status":"publish","type":"page","link":"https:\/\/www.hotelsanbosco.com\/es\/sobrenosotros\/","title":{"rendered":"Sobre Nosotros"},"content":{"rendered":"\t\t<div data-elementor-type=\"wp-page\" data-elementor-id=\"19\" class=\"elementor elementor-19\" data-elementor-post-type=\"page\">\n\t\t\t\t<div class=\"elementor-element elementor-element-7190d3a e-con-full e-flex e-con e-parent\" data-id=\"7190d3a\" data-element_type=\"container\" data-settings=\"{&quot;background_background&quot;:&quot;slideshow&quot;,&quot;background_slideshow_gallery&quot;:[{&quot;id&quot;:219,&quot;url&quot;:&quot;https:\\\/\\\/www.hotelsanbosco.com\\\/wp-content\\\/uploads\\\/2024\\\/04\\\/San-Bosco-Rooms30-scaled.jpg&quot;},{&quot;id&quot;:210,&quot;url&quot;:&quot;https:\\\/\\\/www.hotelsanbosco.com\\\/wp-content\\\/uploads\\\/2024\\\/04\\\/San-Bosco-Rooms23-scaled.jpg&quot;},{&quot;id&quot;:193,&quot;url&quot;:&quot;https:\\\/\\\/www.hotelsanbosco.com\\\/wp-content\\\/uploads\\\/2024\\\/04\\\/San-Bosco-Rooms14-scaled.jpg&quot;},{&quot;id&quot;:191,&quot;url&quot;:&quot;https:\\\/\\\/www.hotelsanbosco.com\\\/wp-content\\\/uploads\\\/2024\\\/04\\\/San-Bosco-Rooms12-scaled.jpg&quot;}],&quot;background_slideshow_ken_burns&quot;:&quot;yes&quot;,&quot;background_slideshow_ken_burns_zoom_direction&quot;:&quot;out&quot;,&quot;background_slideshow_loop&quot;:&quot;yes&quot;,&quot;background_slideshow_slide_duration&quot;:5000,&quot;background_slideshow_slide_transition&quot;:&quot;fade&quot;,&quot;background_slideshow_transition_duration&quot;:500}\">\n\t\t\t\t<div class=\"elementor-element elementor-element-ed13541 elementor-widget elementor-widget-heading\" data-id=\"ed13541\" data-element_type=\"widget\" data-widget_type=\"heading.default\">\n\t\t\t\t<div class=\"elementor-widget-container\">\n\t\t\t<style>\/*! elementor - v3.21.0 - 26-05-2024 *\/\n.elementor-heading-title{padding:0;margin:0;line-height:1}.elementor-widget-heading .elementor-heading-title[class*=elementor-size-]>a{color:inherit;font-size:inherit;line-height:inherit}.elementor-widget-heading .elementor-heading-title.elementor-size-small{font-size:15px}.elementor-widget-heading .elementor-heading-title.elementor-size-medium{font-size:19px}.elementor-widget-heading .elementor-heading-title.elementor-size-large{font-size:29px}.elementor-widget-heading .elementor-heading-title.elementor-size-xl{font-size:39px}.elementor-widget-heading .elementor-heading-title.elementor-size-xxl{font-size:59px}<\/style><h1 class=\"elementor-heading-title elementor-size-default\">Sobre Nosotros<\/h1>\t\t<\/div>\n\t\t\t\t<\/div>\n\t\t\t\t<\/div>\n\t\t<div class=\"elementor-element elementor-element-ff0cef3 e-con-full e-flex e-con e-parent\" data-id=\"ff0cef3\" data-element_type=\"container\">\n\t\t\t\t<div class=\"elementor-element elementor-element-2100daa elementor-widget elementor-widget-text-editor\" data-id=\"2100daa\" data-element_type=\"widget\" data-widget_type=\"text-editor.default\">\n\t\t\t\t<div class=\"elementor-widget-container\">\n\t\t\t<style>\/*! elementor - v3.21.0 - 26-05-2024 *\/\n.elementor-widget-text-editor.elementor-drop-cap-view-stacked .elementor-drop-cap{background-color:#69727d;color:#fff}.elementor-widget-text-editor.elementor-drop-cap-view-framed .elementor-drop-cap{color:#69727d;border:3px solid;background-color:transparent}.elementor-widget-text-editor:not(.elementor-drop-cap-view-default) .elementor-drop-cap{margin-top:8px}.elementor-widget-text-editor:not(.elementor-drop-cap-view-default) .elementor-drop-cap-letter{width:1em;height:1em}.elementor-widget-text-editor .elementor-drop-cap{float:left;text-align:center;line-height:1;font-size:50px}.elementor-widget-text-editor .elementor-drop-cap-letter{display:inline-block}<\/style>\t\t\t\t<p>Desde 1986, San Bosco Inn ha sido un pilar en La Fortuna, \u00c1rea del Volc\u00e1n Arenal, Costa Rica, brindando a sus hu\u00e9spedes una experiencia \u00fanica que combina tradici\u00f3n, comodidad y accesibilidad. Este hotel pionero ha sido testigo del desarrollo de la regi\u00f3n, convirti\u00e9ndose en un punto de referencia para viajeros de todo el mundo.<\/p><p>Ubicado estrat\u00e9gicamente en el coraz\u00f3n de La Fortuna, San Bosco Inn ofrece a los hu\u00e9spedes un f\u00e1cil acceso a una variedad de servicios y atracciones locales. Con tiendas, restaurantes y servicios a poca distancia, los visitantes pueden sumergirse en la vida diaria de la ciudad. Para mayor comodidad, el hotel cuenta con su propio estacionamiento seguro, brindando tranquilidad a quienes viajan en autom\u00f3vil.<\/p><p>Los hu\u00e9spedes pueden disfrutar de un refrescante chapuz\u00f3n en la piscina del hotel, un oasis de relajaci\u00f3n despu\u00e9s de explorar las maravillas naturales de la regi\u00f3n. Todas las ma\u00f1anas, San Bosco Inn sirve un delicioso desayuno inspirado en la rica tradici\u00f3n culinaria de Costa Rica. Los sabores aut\u00e9nticos ofrecen a los hu\u00e9spedes una experiencia gastron\u00f3mica \u00fanica.<\/p><p>Ideal para aquellos con presupuestos m\u00e1s ajustados o visitas de negocios, San Bosco Inn ofrece una opci\u00f3n c\u00f3moda y accesible en una ubicaci\u00f3n central. M\u00e1s que un lugar para hospedarse, San Bosco Inn sumerge a los hu\u00e9spedes en la vibrante vida de La Fortuna, ofreciendo una experiencia aut\u00e9ntica.<\/p><p>Con d\u00e9cadas de experiencia, San Bosco Inn ha perfeccionado el arte de combinar la hospitalidad costarricense con comodidades modernas. El equipo del hotel se esfuerza por brindar un servicio c\u00e1lido y acogedor, haciendo que cada estad\u00eda sea memorable.<\/p><p>Ya sea que los hu\u00e9spedes est\u00e9n explorando los impresionantes alrededores, adentr\u00e1ndose en la cultura local o simplemente relaj\u00e1ndose en las instalaciones del hotel, San Bosco Inn ofrece una experiencia \u00fanica y aut\u00e9ntica en el coraz\u00f3n de La Fortuna.<\/p>\t\t\t\t\t\t<\/div>\n\t\t\t\t<\/div>\n\t\t\t\t<\/div>\n\t\t<div class=\"elementor-element elementor-element-c9ccbb3 e-grid e-con-boxed e-con e-parent\" data-id=\"c9ccbb3\" data-element_type=\"container\">\n\t\t\t\t\t<div class=\"e-con-inner\">\n\t\t<div class=\"elementor-element elementor-element-c9739f4 e-flex e-con-boxed e-con e-child\" data-id=\"c9739f4\" data-element_type=\"container\" data-settings=\"{&quot;background_background&quot;:&quot;slideshow&quot;,&quot;background_slideshow_gallery&quot;:[{&quot;id&quot;:320,&quot;url&quot;:&quot;https:\\\/\\\/www.hotelsanbosco.com\\\/wp-content\\\/uploads\\\/2024\\\/04\\\/San-Bosco-Pool42-scaled.jpg&quot;}],&quot;background_slideshow_loop&quot;:&quot;yes&quot;,&quot;background_slideshow_slide_duration&quot;:5000,&quot;background_slideshow_slide_transition&quot;:&quot;fade&quot;,&quot;background_slideshow_transition_duration&quot;:500}\">\n\t\t\t\t\t<div class=\"e-con-inner\">\n\t\t\t\t\t<\/div>\n\t\t\t\t<\/div>\n\t\t<div class=\"elementor-element elementor-element-0245690 e-con-full e-flex e-con e-child\" data-id=\"0245690\" data-element_type=\"container\">\n\t\t\t\t<div class=\"elementor-element elementor-element-b46ca22 elementor-widget elementor-widget-heading\" data-id=\"b46ca22\" data-element_type=\"widget\" data-widget_type=\"heading.default\">\n\t\t\t\t<div class=\"elementor-widget-container\">\n\t\t\t<h2 class=\"elementor-heading-title elementor-size-default\">Responsabilidad social<\/h2>\t\t<\/div>\n\t\t\t\t<\/div>\n\t\t\t\t<div class=\"elementor-element elementor-element-0bd4af7 elementor-widget elementor-widget-text-editor\" data-id=\"0bd4af7\" data-element_type=\"widget\" data-widget_type=\"text-editor.default\">\n\t\t\t\t<div class=\"elementor-widget-container\">\n\t\t\t\t\t\t\t<p>En San Bosco Inn, nuestro compromiso con los temas de sustentabilidad se mantiene a trav\u00e9s de nuestras pr\u00e1cticas diarias:<\/p><ul><li><strong>Programas de eficiencia:<\/strong> nos adherimos a programas de ahorro de recursos como un medio para lograr nuestro objetivo de reducir nuestro impacto en el medio ambiente.<\/li><li><strong>Participaci\u00f3n comunitaria:<\/strong> San Bosco Inn promover\u00e1 en todas las formas posibles la inclusi\u00f3n de la comunidad y los servicios que ofrece.<\/li><li>San Bosco Inn est\u00e1 dedicado a la protecci\u00f3n de nuestro planeta. Habiendo reconocido los peligros que nuestro planeta presenta hoy en d\u00eda, nos hemos vuelto m\u00e1s conscientes y activos en nuestros esfuerzos por reducir nuestro impacto implementando medidas para el cuidado y beneficio de nuestra Madre Tierra.<\/li><li>San Bosco Inn observa cuidadosamente el impacto ambiental generado por sus operaciones actuales y futuras tomando las medidas adecuadas para reducir el uso de los recursos naturales y, por lo tanto, reducir el impacto negativo causado por nuestras operaciones, nuestros colaboradores y nuestros hu\u00e9spedes.<\/li><li><strong>Gesti\u00f3n de residuos:<\/strong> en el intento de reducir la cantidad de residuos producidos por el hotel, utilizamos productos que sean biodegradables, retornables, reutilizables y reciclados o reciclables siempre que sea posible.<\/li><li><strong>Uso adecuado de la energ\u00eda:<\/strong> en nuestras instalaciones, San Bosco Inn trabaja para reducir el consumo de energ\u00eda el\u00e9ctrica, e incorpora toda la tecnolog\u00eda disponible para limitar y evitar consumos innecesarios.<\/li><li><strong>Consumo y gesti\u00f3n del agua:<\/strong> San Bosco Inn fomenta el ahorro de agua y ha invertido en tecnolog\u00edas ahorradoras de agua siempre que sea posible.<\/li><li><strong>Transporte:<\/strong> San Bosco Inn monitorea las emisiones de cada uno de sus veh\u00edculos y busca utilizar veh\u00edculos de tecnolog\u00eda el\u00e9ctrica o h\u00edbrida para el transporte interno.<\/li><li><strong>Protecci\u00f3n del patrimonio nacional:<\/strong> San Bosco Inn se compromete a reducir el impacto causado por sus hu\u00e9spedes en \u00e1reas silvestres u otras, previniendo el impacto sobre especies vegetales y animales y respetando la delicada naturaleza de estos ecosistemas, adem\u00e1s de proteger los valores y la cultura de la zona norte de nuestro pa\u00eds. San Bosco Inn tambi\u00e9n apoya iniciativas de conservaci\u00f3n y desarrollo en la regi\u00f3n. Por estas razones, nos comprometemos a educar a nuestros hu\u00e9spedes para que puedan hacer su parte para apoyar estas causas.<\/li><\/ul>\t\t\t\t\t\t<\/div>\n\t\t\t\t<\/div>\n\t\t\t\t<\/div>\n\t\t\t\t\t<\/div>\n\t\t\t\t<\/div>\n\t\t\t\t<\/div>\n\t\t","protected":false},"excerpt":{"rendered":"<p>Sobre Nosotros Desde 1986, San Bosco Inn ha sido un pilar en La Fortuna, \u00c1rea del Volc\u00e1n Arenal, Costa Rica, [&hellip;]<\/p>\n","protected":false},"author":1,"featured_media":0,"parent":0,"menu_order":0,"comment_status":"closed","ping_status":"closed","template":"","meta":{"site-sidebar-layout":"no-sidebar","site-content-layout":"","ast-site-content-layout":"full-width-container","site-content-style":"default","site-sidebar-style":"default","ast-global-header-display":"","ast-banner-title-visibility":"","ast-main-header-display":"","ast-hfb-above-header-display":"","ast-hfb-below-header-display":"","ast-hfb-mobile-header-display":"","site-post-title":"disabled","ast-breadcrumbs-content":"","ast-featured-img":"disabled","footer-sml-layout":"","theme-transparent-header-meta":"","adv-header-id-meta":"","stick-header-meta":"","header-above-stick-meta":"","header-main-stick-meta":"","header-below-stick-meta":"","astra-migrate-meta-layouts":"default","ast-page-background-enabled":"default","ast-page-background-meta":{"desktop":{"background-color":"var(--ast-global-color-4)","background-image":"","background-repeat":"repeat","background-position":"center center","background-size":"auto","background-attachment":"scroll","background-type":"","background-media":"","overlay-type":"","overlay-color":"","overlay-opacity":"","overlay-gradient":""},"tablet":{"background-color":"","background-image":"","background-repeat":"repeat","background-position":"center center","background-size":"auto","background-attachment":"scroll","background-type":"","background-media":"","overlay-type":"","overlay-color":"","overlay-opacity":"","overlay-gradient":""},"mobile":{"background-color":"","background-image":"","background-repeat":"repeat","background-position":"center center","background-size":"auto","background-attachment":"scroll","background-type":"","background-media":"","overlay-type":"","overlay-color":"","overlay-opacity":"","overlay-gradient":""}},"ast-content-background-meta":{"desktop":{"background-color":"var(--ast-global-color-5)","background-image":"","background-repeat":"repeat","background-position":"center center","background-size":"auto","background-attachment":"scroll","background-type":"","background-media":"","overlay-type":"","overlay-color":"","overlay-opacity":"","overlay-gradient":""},"tablet":{"background-color":"var(--ast-global-color-5)","background-image":"","background-repeat":"repeat","background-position":"center center","background-size":"auto","background-attachment":"scroll","background-type":"","background-media":"","overlay-type":"","overlay-color":"","overlay-opacity":"","overlay-gradient":""},"mobile":{"background-color":"var(--ast-global-color-5)","background-image":"","background-repeat":"repeat","background-position":"center center","background-size":"auto","background-attachment":"scroll","background-type":"","background-media":"","overlay-type":"","overlay-color":"","overlay-opacity":"","overlay-gradient":""}},"footnotes":""},"class_list":["post-19","page","type-page","status-publish","hentry"],"_links":{"self":[{"href":"https:\/\/www.hotelsanbosco.com\/es\/wp-json\/wp\/v2\/pages\/19","targetHints":{"allow":["GET"]}}],"collection":[{"href":"https:\/\/www.hotelsanbosco.com\/es\/wp-json\/wp\/v2\/pages"}],"about":[{"href":"https:\/\/www.hotelsanbosco.com\/es\/wp-json\/wp\/v2\/types\/page"}],"author":[{"embeddable":true,"href":"https:\/\/www.hotelsanbosco.com\/es\/wp-json\/wp\/v2\/users\/1"}],"replies":[{"embeddable":true,"href":"https:\/\/www.hotelsanbosco.com\/es\/wp-json\/wp\/v2\/comments?post=19"}],"version-history":[{"count":59,"href":"https:\/\/www.hotelsanbosco.com\/es\/wp-json\/wp\/v2\/pages\/19\/revisions"}],"predecessor-version":[{"id":1994,"href":"https:\/\/www.hotelsanbosco.com\/es\/wp-json\/wp\/v2\/pages\/19\/revisions\/1994"}],"wp:attachment":[{"href":"https:\/\/www.hotelsanbosco.com\/es\/wp-json\/wp\/v2\/media?parent=19"}],"curies":[{"name":"wp","href":"https:\/\/api.w.org\/{rel}","templated":true}]}}